{"id":696,"date":"2024-12-10T12:44:40","date_gmt":"2024-12-10T10:44:40","guid":{"rendered":"https:\/\/lataverna.cat\/?page_id=696"},"modified":"2024-12-11T19:27:14","modified_gmt":"2024-12-11T17:27:14","slug":"avis-legal","status":"publish","type":"page","link":"https:\/\/lataverna.cat\/es\/avis-legal\/","title":{"rendered":"Av\u00eds legal"},"content":{"rendered":"<div data-elementor-type=\"wp-page\" data-elementor-id=\"696\" class=\"elementor elementor-696\" data-elementor-post-type=\"page\">\n\t\t\t\t<div class=\"elementor-element elementor-element-ff95bf0 e-flex e-con-boxed e-con e-parent\" data-id=\"ff95bf0\" data-element_type=\"container\" data-e-type=\"container\" data-settings=\"{&quot;background_background&quot;:&quot;classic&quot;}\">\n\t\t\t\t\t<div class=\"e-con-inner\">\n\t\t\t\t<div class=\"elementor-element elementor-element-400128f elementor-widget elementor-widget-heading\" data-id=\"400128f\" data-element_type=\"widget\" data-e-type=\"widget\" data-widget_type=\"heading.default\">\n\t\t\t\t<div class=\"elementor-widget-container\">\n\t\t\t\t\t<h1 class=\"elementor-heading-title elementor-size-default\">Av\u00eds legal<\/h1>\t\t\t\t<\/div>\n\t\t\t\t<\/div>\n\t\t\t\t\t<\/div>\n\t\t\t\t<\/div>\n\t\t<div class=\"elementor-element elementor-element-0737b58 e-flex e-con-boxed e-con e-parent\" data-id=\"0737b58\" data-element_type=\"container\" data-e-type=\"container\">\n\t\t\t\t\t<div class=\"e-con-inner\">\n\t\t\t\t<div class=\"elementor-element elementor-element-f296b4e elementor-widget elementor-widget-text-editor\" data-id=\"f296b4e\" data-element_type=\"widget\" data-e-type=\"widget\" data-widget_type=\"text-editor.default\">\n\t\t\t\t<div class=\"elementor-widget-container\">\n\t\t\t\t\t\t\t\t\t<p><strong>Av\u00eds legal<\/strong><\/p><p>En compliment amb el que estableix l\u2019article 10 de la Llei 34\/2002 d\u201911 de juliol, de serveis de la Societat de la Informaci\u00f3 i el Comer\u00e7 Electr\u00f2nic (LSSICE), s\u2019informa dels aspectes legals seg\u00fcents:<\/p><p><strong>Propietat del lloc web<\/strong><\/p><ul><li>Xavier Guix Carrera<\/li><li>Carrer del Bergued\u00e0, 1<\/li><li>08297 Castellgal\u00ed, Espanya<\/li><li>NIF 39370014V<\/li><li><a href=\"mailto:tavernacastellgali@gmail.com\">tavernacastellgali@gmail.com<\/a><\/li><\/ul><p>\u00a0<\/p><p><strong>Condicions generals d\u2019\u00fas<\/strong><\/p><p><u>Titular<\/u><\/p><p>La Taverna Castellgal\u00ed, com a titular i responsable del present lloc web, posa a disposici\u00f3 dels usuaris aquest document per donar compliment a les obligacions de la Llei 34\/2002, de Serveis de la Societat de la Informaci\u00f3 i del Comer\u00e7 Electr\u00f2nic.<\/p><p><u>Objecte<\/u><\/p><p>La p\u00e0gina web de La Taverna Castellgal\u00ed t\u00e9 com a objecte facilitar al p\u00fablic informaci\u00f3 dels serveis que el restaurant ofereix.<\/p><p><u>Continguts<\/u><\/p><p>A fi de mantenir actualitzada la informaci\u00f3 publicada al portal web, els continguts d\u2019aquest podran ser modificats, corregits, eliminats o afegits en qualsevol moment, per la qual cosa ser\u00e0 convenient comprovar-ne la vig\u00e8ncia o exactitud acudint sempre als textos de la p\u00e0gina web.<\/p><p>El titular del lloc web es reserva la facultat d\u2019efectuar, en qualsevol moment i sense necessitat de previ av\u00eds, modificacions i actualitzacions de la informaci\u00f3 continguda al seu web o a la configuraci\u00f3 i presentaci\u00f3 d\u2019aquesta.<\/p><p><u>Acceptaci\u00f3<\/u><\/p><p>L\u2019\u00fas de qualsevol de les funcionalitats del lloc web implica l\u2019expressa i plena acceptaci\u00f3 de les condicions aqu\u00ed exposades, sens perjudici d\u2019aquelles particulars que es puguin aplicar a alguns dels serveis concrets oferts a trav\u00e9s del lloc web.<\/p><p>\u00a0<\/p><p><strong>Acc\u00e9s a la p\u00e0gina web<\/strong><\/p><p>Com s\u2019ha detallat anteriorment, l\u2019acc\u00e9s al web de La Taverna Castellgal\u00ed \u00e9s responsabilitat exclusiva dels usuaris i suposa acceptar i con\u00e8ixer l\u2019av\u00eds legal, la pol\u00edtica de cookies i la pol\u00edtica de privacitat.<\/p><p><u>Acc\u00e9s gratu\u00eft<\/u><\/p><p>L\u2019acc\u00e9s a la p\u00e0gina web per als usuaris t\u00e9 car\u00e0cter gratu\u00eft, llevat que es refereixi al cost de la connexi\u00f3 a Internet subministrada pel Prove\u00efdor d\u2019acc\u00e9s a Internet (ISP) contractat pel vostre compte.<\/p><p>\u00a0<\/p><p><strong>Condicions generals d\u2019\u00fas<\/strong><\/p><p>La utilitzaci\u00f3 de la p\u00e0gina web de La Taverna Castellgal\u00ed per qualsevol persona atribueix la condici\u00f3 d\u2019usuari. L\u2019usuari es compromet a fer-ne un \u00fas conforme al present Av\u00eds Legal i a no utilitzar la informaci\u00f3, activitats i serveis que el La Taverna Castellgal\u00ed posa a la vostra disposici\u00f3 per desenvolupar activitats contr\u00e0ries a les lleis.<\/p><p><u>Continguts<\/u><\/p><p>Els continguts de la p\u00e0gina web del La Taverna Castellgal\u00ed s\u00f3n posats a disposici\u00f3 de l\u2019usuari com a informaci\u00f3 pr\u00f2pia i de tercers, per la qual cosa La Taverna Castellgal\u00ed posar\u00e0 els mitjans raonables a la seva disposici\u00f3 perqu\u00e8 aquests continguts siguin sempre exactes i actualitzats.<\/p><p><u>Serveis interactius<\/u><\/p><p>Quant a l\u2019\u00fas dels serveis interactius que permetin la divulgaci\u00f3 de continguts per part de l\u2019usuari a trav\u00e9s de la p\u00e0gina web del La Taverna Castellgal\u00ed, si en algun moment n\u2019hi hagu\u00e9s, ser\u00e0 conforme a la llei i aquest av\u00eds legal. La Taverna Castellgal\u00ed no es fa responsable de la informaci\u00f3 i continguts emmagatzemats, a t\u00edtol enunciatiu, per\u00f2 no limitatiu, en f\u00f2rums, xats, generadors de blocs, comentaris, xarxes socials o qualsevol altre mitj\u00e0 que permeti a tercers publicar continguts de forma independent a la p\u00e0gina web del prestador. Aix\u00f2 no obstant, i en compliment del que disposa l\u2019art. 11 i 16 de la LSSICE, el prestador es posa a disposici\u00f3 de tots els usuaris, Autoritats i Forces de seguretat, i col\u00b7laborant de forma activa en la retirada o si \u00e9s el cas bloqueig de tots aquells continguts que poguessin afectar o contravenir la legislaci\u00f3 nacional, o internacional, drets de tercers o moral i ordre p\u00fablic.<\/p><p><u>Informaci\u00f3 vera\u00e7<\/u><\/p><p>En cas de comunicar-se amb La Taverna Castellgal\u00ed, l\u2019usuari haur\u00e0 de facilitar informaci\u00f3 vera\u00e7, per la qual cosa l\u2019usuari garantir\u00e0 sempre l\u2019autenticitat de les dades comunicades. Ser\u00e0 responsabilitat de l\u2019usuari mantenir tota la informaci\u00f3 facilitada actualitzada.<\/p><p><u>Usuaris menors d\u2019edat<\/u><\/p><p>Els usuaris menors han d\u2019obtenir sempre pr\u00e8viament el consentiment dels pares, tutors o representants legals per a l\u2019\u00fas dels serveis. La responsabilitat en la determinaci\u00f3 dels continguts a qu\u00e8 accedeix un menor \u00e9s responsabilitat dels pares, tutors o representants legals. Per evitar l\u2019acc\u00e9s a contingut no apropiat per internet es recomana l\u2019\u00fas de programes o filtres que limitin el contingut disponible.<\/p><p><u>\u00das correcte de la p\u00e0gina web<\/u><\/p><p>L\u2019Usuari es compromet a la correcta utilitzaci\u00f3 del web i utilitats que se li proporcionin d\u2019acord amb la llei, aquest Av\u00eds Legal i les instruccions i avisos que se li comuniquin. L\u2019Usuari s\u2019obliga a l\u2019\u00fas exclusiu del web i tots els seus continguts, per a fins l\u00edcits i no prohibits que no infringeixin la legalitat vigent i\/o puguin resultar lesius dels drets leg\u00edtims de La Taverna Castellgal\u00ed, i\/o que puguin causar qualsevol dany o perjudici de manera directa o indirecta.<\/p><p>\u00a0<\/p><p><strong>Propietat intel\u00b7lectual, industrial<\/strong><\/p><p>Tots els elements que formen el lloc web, aix\u00ed com la seva estructura, disseny, fotografies, icones, gr\u00e0fics, imatges, codi font, logotips, marques i altres signes distintius que hi apareixen, s\u00f3n propietat intel\u00b7lectual de La Taverna Castellgal\u00ed o de tercers, llevat que s\u2019especifiqui el contrari, i estan protegits pels corresponents drets de propietat intel\u00b7lectual i industrial. L\u2019usuari no podr\u00e0 utilitzar la marca gr\u00e0fica o qualsevol altre signe distintiu de La Taverna Castellgal\u00ed dins de la seva p\u00e0gina web excepte en els casos expressament autoritzats per La Taverna Castellgal\u00ed. Aquestes autoritzacions es demanaran per escrit a La Taverna Castellgal\u00ed. Per tot aix\u00f2, l\u2019usuari que accedeixi a la p\u00e0gina web haur\u00e0 de respectar en tot moment tots els drets de propietat intel\u00b7lectual i industrial de la p\u00e0gina web titularitat de La Taverna Castellgal\u00ed o de tercers.<\/p><p>La reproducci\u00f3 total o parcial, \u00fas, distribuci\u00f3 i comunicaci\u00f3 p\u00fablica requereix l\u2019autoritzaci\u00f3 escrita pr\u00e8via per part de La Taverna Castellgal\u00ed. Qualsevol \u00fas no autoritzat pr\u00e8viament per part de La Taverna Castellgal\u00ed ser\u00e0 considerat un incompliment greu dels drets de propietat intel\u00b7lectual o industrial.<\/p><p>Igualment estan protegits pels corresponents drets de propietat intel\u00b7lectual i industrial les imatges i altres elements gr\u00e0fics continguts al lloc web. L\u2019\u00fas, reproducci\u00f3, distribuci\u00f3, comunicaci\u00f3 p\u00fablica, transformaci\u00f3 o qualsevol altra activitat similar o an\u00e0loga, queda totalment prohibida llevat que hi hagi pr\u00e8via i expressa autoritzaci\u00f3 del titular.<\/p><p>Respecte a les cites de productes i\/o serveis de tercers, el titular del lloc web reconeix a favor dels seus titulars els corresponents drets de propietat industrial i intel\u00b7lectual no implicant la seva sola menci\u00f3 o aparici\u00f3 a la web l\u2019exist\u00e8ncia de drets ni de cap responsabilitat sobre aquests, com tampoc patrocini o recomanaci\u00f3.<\/p><p><u>Enlla\u00e7os de tercers a la p\u00e0gina de La Taverna Castellgal\u00ed<\/u><\/p><p>Si un usuari vol introduir un enlla\u00e7 des de la seva p\u00e0gina web a la p\u00e0gina web de La Taverna Castellgal\u00ed haur\u00e0 d\u2019obtenir autoritzaci\u00f3 de La Taverna Castellgal\u00ed.<\/p><p>El titular del lloc web declara el respecte als drets de propietat intel\u00b7lectual i industrial de tercers; per aix\u00f2, si considereu que al nostre lloc web es poguessin estar violant els seus drets, preguem es posi en contacte amb el titular de la p\u00e0gina web: tavernacastellgali@gmail.com<\/p><p>\u00a0<\/p><p><strong>Exclusi\u00f3 de garanties i responsabilitat<\/strong><\/p><p>L\u2019Usuari respondr\u00e0 pels danys i perjudicis de tota naturalesa que el La Taverna Castellgal\u00ed pugui patir com a conseq\u00fc\u00e8ncia de l\u2019incompliment de qualsevol de les obligacions a qu\u00e8 queda sotm\u00e8s per aquest Av\u00eds Legal.<\/p><p>\u00a0<\/p><p><strong>Protecci\u00f3 de dades<\/strong><\/p><p>Per a aquells casos que es demanin, tractin o emmagatzemin dades personals es far\u00e0 de conformitat amb la Pol\u00edtica de Privacitat publicada a la p\u00e0gina web i que podeu consultar al peu d\u2019aquesta mateixa.<\/p><p>\u00a0<\/p><p><strong>Pol\u00edtica de cookies<\/strong><\/p><p>Al text legal de la pol\u00edtica de cookies es troba detallat l\u2019\u00fas de les cookies i podeu consultar-lo al peu d\u2019aquesta p\u00e0gina web.<\/p><p>\u00a0<\/p><p><strong>Acc\u00e9s a la p\u00e0gina web<\/strong><\/p><p>La Taverna Castellgal\u00ed no es responsabilitza dels danys i perjudicis de qualsevol tipus produ\u00efts a l\u2019usuari a conseq\u00fc\u00e8ncia de fallades a les xarxes de telecomunicacions que produeixin la suspensi\u00f3, cancel\u00b7laci\u00f3 o interrupci\u00f3 del servei de la p\u00e0gina web durant la prestaci\u00f3 d\u2019aquest o amb car\u00e0cter previ.<\/p><p>\u00a0<\/p><p><strong>Qualitat del servei i dels continguts<\/strong><\/p><p>El titular del lloc web no garanteix la inexist\u00e8ncia d\u2019errors en l\u2019acc\u00e9s al web, en el seu contingut, ni que aquest estigui actualitzat, encara que el titular del lloc web desenvolupar\u00e0 els seus millors esfor\u00e7os per, si s\u2019escau, evitar-los, esmenar-los o actualitzar-los . En cas que l\u2019usuari consideri que hi ha algun contingut que pogu\u00e9s ser susceptible d\u2019aquesta classificaci\u00f3, cal que us poseu en contacte amb el titular del lloc web.<\/p><p>Tant l\u2019acc\u00e9s al lloc web, com l\u2019\u00fas que es pugui fer de la informaci\u00f3 continguda en aquests, \u00e9s de responsabilitat exclusiva de qui el realitza.<\/p><p>La Taverna Castellgal\u00ed intentar\u00e0 garantir sempre el correcte funcionament de la p\u00e0gina web les 24 hores al dia, els 365 dies de l\u2019any, encara que no es pot descartar la possibilitat que hi hagi determinades causes de for\u00e7a major, cat\u00e0strofes naturals, vagues, o qualsevol altra circumst\u00e0ncia semblant que facin impossible l\u2019acc\u00e9s a la p\u00e0gina web. Per tot aix\u00f2, La Taverna Castellgal\u00ed no es fa responsable dels danys i perjudicis de qualsevol naturalesa que poguessin ocasionar-se a conseq\u00fc\u00e8ncia de la manca de disponibilitat, manteniment i efectiu funcionament de la web o dels seus serveis i continguts. La Taverna Castellgal\u00ed no es fa responsable de l\u2019exist\u00e8ncia de virus, programes maliciosos o lesius dels continguts, de l\u2019\u00fas il\u00b7l\u00edcit, negligent, fraudulent o contrari a aquest Av\u00eds legal, o de la manca de licitud, qualitat, fiabilitat, utilitat i disponibilitat dels serveis prestats per tercers a disposici\u00f3 dels usuaris del lloc web.<\/p><p>La Taverna Castellgal\u00ed es reserva el dret a interrompre en cas que ho consideri necessari l\u2019acc\u00e9s a la seva p\u00e0gina web en qualsevol moment i sense av\u00eds previ, ja sigui per motius de seguretat, de control, de manteniment, per errors de subministrament el\u00e8ctric o per qualsevol altra causa. En resum, La Taverna Castellgal\u00ed en cap cas no es responsabilitza de les conseq\u00fc\u00e8ncies d\u2019eventuals interrupcions, ja que no pot garantir la fiabilitat, la disponibilitat ni la continu\u00eftat de la seva p\u00e0gina web.<\/p><p>En compliment d\u2019all\u00f2 que disposa la Llei de serveis de la societat de la informaci\u00f3 i de comer\u00e7 electr\u00f2nic, el titular del lloc web es posa a disposici\u00f3 de tots els usuaris, autoritats i forces de seguretat col\u00b7laborant de forma activa en la retirada o, en si s\u2019escau, el bloqueig de tots aquells continguts que poguessin afectar o contravenir la legislaci\u00f3 nacional o internacional, drets de tercers o la moral i l\u2019ordre p\u00fablic.<\/p><p><u>Enlla\u00e7os de tercers<\/u><\/p><p>Els enlla\u00e7os continguts al nostre lloc web poden adre\u00e7ar tamb\u00e9 a continguts web de tercers. En aquests casos La Taverna Castellgal\u00ed actua com a prestador de serveis d\u2019intermediaci\u00f3 de conformitat amb l\u2019article 17 de la Llei 34\/2002 i nom\u00e9s ser\u00e0 responsable dels continguts i serveis subministrats a les p\u00e0gines web de tercers en la mesura que tingui coneixement efectiu de la il\u00b7licitud i no actu\u00ef amb dilig\u00e8ncia per suprimir o inutilitzar l\u2019enlla\u00e7.<\/p><p>L\u2019objectiu d\u2019aquests enlla\u00e7os \u00e9s \u00fanicament facilitar-vos la cerca dels recursos que us puguin interessar a trav\u00e9s d\u2019Internet. Aix\u00f2 no obstant, aquestes p\u00e0gines no pertanyen a La Taverna Castellgal\u00ed, ni fa una revisi\u00f3 dels seus continguts i, per aix\u00f2, el titular La Taverna Castellgal\u00ed no assumeix cap responsabilitat pel contingut, informacions o serveis que poguessin apar\u00e8ixer en aquests llocs. En cas que l\u2019usuari consideri que existeix un enlla\u00e7 amb contingut il\u00b7l\u00edcit podr\u00e0 comunicar-ho a La Taverna Castellgal\u00ed a tavernacastellgali@gmail.com sense que en cap cas aquesta comunicaci\u00f3 comporti l\u2019obligaci\u00f3 de retirar el corresponent enlla\u00e7.<\/p><p>El titular del lloc web tampoc no es pot fer responsable del funcionament de la p\u00e0gina enlla\u00e7ada o dels possibles danys que puguin derivar-se\u2019n de l\u2019acc\u00e9s o \u00fas d\u2019aquesta.<\/p><p>L\u2019establiment de l\u2019enlla\u00e7 amb una altra p\u00e0gina web no suposar\u00e0 cap tipus d\u2019acord, contracte, patrocini ni recomanaci\u00f3 per part de La Taverna Castellgal\u00ed.<\/p><p>La Taverna Castellgal\u00ed no es responsabilitza de cap manera ni garanteix la claredat, exactitud, fiabilitat, correcci\u00f3 o moralitat de continguts o serveis que l\u2019establiment de l\u2019enlla\u00e7 amb una altra p\u00e0gina web pugui oferir. L\u2019usuari assumeix sota la seva responsabilitat exclusiva les conseq\u00fc\u00e8ncies, danys o accions que es puguin derivar de l\u2019acc\u00e9s a la p\u00e0gina de l\u2019enlla\u00e7.<\/p><p>\u00a0<\/p><p><strong>Llei Aplicable i jurisdicci\u00f3<\/strong><\/p><p>La llei aplicable en cas de disputa o conflicte d\u2019interpretaci\u00f3 dels termes que conformen aquest Av\u00eds Legal, aix\u00ed com qualsevol q\u00fcesti\u00f3 relacionada amb els serveis de la web de La Taverna Castellgal\u00ed, ser\u00e0 la llei espanyola.<\/p><p>Per a la resoluci\u00f3 de qualsevol conflicte que pugui sorgir de l\u2019acc\u00e9s a la p\u00e0gina web, l\u2019usuari i La Taverna Castellgal\u00ed en els casos en qu\u00e8 la normativa prevegi la possibilitat de sotmetre\u2019s a un fur, acorden sotmetre\u2019s als jutges i tribunals de la ciutat de Manresa amb ren\u00fancia a qualsevol altre fur general o especial que els pogu\u00e9s correspondre.<\/p>\t\t\t\t\t\t\t\t<\/div>\n\t\t\t\t<\/div>\n\t\t\t\t\t<\/div>\n\t\t\t\t<\/div>\n\t\t\t\t<\/div>","protected":false},"excerpt":{"rendered":"<p>Av\u00eds legal En compliment amb el que estableix l\u2019article 10 de la Llei 34\/2002 d\u201911 de juliol, de serveis de [&hellip;]<\/p>\n","protected":false},"author":2,"featured_media":0,"parent":0,"menu_order":0,"comment_status":"closed","ping_status":"closed","template":"","meta":{"inline_featured_image":false,"site-sidebar-layout":"no-sidebar","site-content-layout":"","ast-site-content-layout":"full-width-container","site-content-style":"default","site-sidebar-style":"default","ast-global-header-display":"","ast-banner-title-visibility":"","ast-main-header-display":"","ast-hfb-above-header-display":"","ast-hfb-below-header-display":"","ast-hfb-mobile-header-display":"","site-post-title":"disabled","ast-breadcrumbs-content":"","ast-featured-img":"disabled","footer-sml-layout":"","ast-disable-related-posts":"","theme-transparent-header-meta":"default","adv-header-id-meta":"","stick-header-meta":"","header-above-stick-meta":"","header-main-stick-meta":"","header-below-stick-meta":"","astra-migrate-meta-layouts":"set","ast-page-background-enabled":"default","ast-page-background-meta":{"desktop":{"background-color":"var(--ast-global-color-4)","background-image":"","background-repeat":"repeat","background-position":"center center","background-size":"auto","background-attachment":"scroll","background-type":"","background-media":"","overlay-type":"","overlay-color":"","overlay-opacity":"","overlay-gradient":""},"tablet":{"background-color":"","background-image":"","background-repeat":"repeat","background-position":"center center","background-size":"auto","background-attachment":"scroll","background-type":"","background-media":"","overlay-type":"","overlay-color":"","overlay-opacity":"","overlay-gradient":""},"mobile":{"background-color":"","background-image":"","background-repeat":"repeat","background-position":"center center","background-size":"auto","background-attachment":"scroll","background-type":"","background-media":"","overlay-type":"","overlay-color":"","overlay-opacity":"","overlay-gradient":""}},"ast-content-background-meta":{"desktop":{"background-color":"var(--ast-global-color-5)","background-image":"","background-repeat":"repeat","background-position":"center center","background-size":"auto","background-attachment":"scroll","background-type":"","background-media":"","overlay-type":"","overlay-color":"","overlay-opacity":"","overlay-gradient":""},"tablet":{"background-color":"var(--ast-global-color-5)","background-image":"","background-repeat":"repeat","background-position":"center center","background-size":"auto","background-attachment":"scroll","background-type":"","background-media":"","overlay-type":"","overlay-color":"","overlay-opacity":"","overlay-gradient":""},"mobile":{"background-color":"var(--ast-global-color-5)","background-image":"","background-repeat":"repeat","background-position":"center center","background-size":"auto","background-attachment":"scroll","background-type":"","background-media":"","overlay-type":"","overlay-color":"","overlay-opacity":"","overlay-gradient":""}},"footnotes":""},"class_list":["post-696","page","type-page","status-publish","hentry"],"_links":{"self":[{"href":"https:\/\/lataverna.cat\/es\/wp-json\/wp\/v2\/pages\/696","targetHints":{"allow":["GET"]}}],"collection":[{"href":"https:\/\/lataverna.cat\/es\/wp-json\/wp\/v2\/pages"}],"about":[{"href":"https:\/\/lataverna.cat\/es\/wp-json\/wp\/v2\/types\/page"}],"author":[{"embeddable":true,"href":"https:\/\/lataverna.cat\/es\/wp-json\/wp\/v2\/users\/2"}],"replies":[{"embeddable":true,"href":"https:\/\/lataverna.cat\/es\/wp-json\/wp\/v2\/comments?post=696"}],"version-history":[{"count":24,"href":"https:\/\/lataverna.cat\/es\/wp-json\/wp\/v2\/pages\/696\/revisions"}],"predecessor-version":[{"id":864,"href":"https:\/\/lataverna.cat\/es\/wp-json\/wp\/v2\/pages\/696\/revisions\/864"}],"wp:attachment":[{"href":"https:\/\/lataverna.cat\/es\/wp-json\/wp\/v2\/media?parent=696"}],"curies":[{"name":"wp","href":"https:\/\/api.w.org\/{rel}","templated":true}]}}